{"id":11309,"date":"2022-06-02T07:13:31","date_gmt":"2022-06-02T07:13:31","guid":{"rendered":"http:\/\/nahost-forum-bremen.de\/?page_id=11309"},"modified":"2025-11-28T14:13:33","modified_gmt":"2025-11-28T14:13:33","slug":"palaestina-journal","status":"publish","type":"page","link":"https:\/\/dpg-netz-bremen.de\/?page_id=11309","title":{"rendered":"Pal\u00e4stina Journal"},"content":{"rendered":"<p>Ausgabe24 &#8211; Dezember 2025 &#8211; V\u00f6lkermord<br \/>\n<div class=\"_df_book df-lite\" id=\"df_15849\"  _slug=\"palaestina-journal-ausgabe-24-dezember-2025\" data-title=\"palaestina-journal-ausgabe-24-dezember-2025\" wpoptions=\"true\" thumb=\"http:\/\/dpg-netz-bremen.de\/wp-content\/uploads\/2025\/11\/palaestina-journal_24-titelbild.jpg\" thumbtype=\"\" ><\/div><script class=\"df-shortcode-script\" nowprocket type=\"application\/javascript\">window.option_df_15849 = {\"outline\":[],\"autoEnableOutline\":\"false\",\"autoEnableThumbnail\":\"false\",\"overwritePDFOutline\":\"false\",\"direction\":\"1\",\"pageSize\":\"0\",\"source\":\"http:\\\/\\\/dpg-netz-bremen.de\\\/wp-content\\\/uploads\\\/2025\\\/11\\\/palaestina-journal_24.pdf\",\"wpOptions\":\"true\"}; if(window.DFLIP && window.DFLIP.parseBooks){window.DFLIP.parseBooks();}<\/script><\/p>\n<p>Ausgabe23 &#8211; Juni 2025 &#8211; Israel zerst\u00f6rt und vertreibt, doch Pal\u00e4stina bleibt<br \/>\n<div class=\"_df_book df-lite\" id=\"df_14732\"  _slug=\"palaestina-journal-ausgabe-23-juni-2025\" data-title=\"palaestina-journal-ausgabe-23-juni-2025\" wpoptions=\"true\" thumb=\"http:\/\/dpg-netz-bremen.de\/wp-content\/uploads\/2025\/06\/palaestina-journal_23-titelbild.jpg\" thumbtype=\"\" ><\/div><script class=\"df-shortcode-script\" nowprocket type=\"application\/javascript\">window.option_df_14732 = {\"outline\":[],\"autoEnableOutline\":\"false\",\"autoEnableThumbnail\":\"false\",\"overwritePDFOutline\":\"false\",\"direction\":\"1\",\"pageSize\":\"0\",\"source\":\"http:\\\/\\\/dpg-netz-bremen.de\\\/wp-content\\\/uploads\\\/2025\\\/06\\\/palaestina-journal_23.pdf\",\"wpOptions\":\"true\"}; if(window.DFLIP && window.DFLIP.parseBooks){window.DFLIP.parseBooks();}<\/script><\/p>\n<p>Ausgabe22 &#8211; Dezember 2024 &#8211; Geraubte Kindheit<br \/>\n<div class=\"_df_book df-lite\" id=\"df_13672\"  _slug=\"palaestina-journal-nr-22\" data-title=\"palaestina-journal-ausgabe-22-dezember-2024\" wpoptions=\"true\" thumb=\"http:\/\/dpg-netz-bremen.de\/wp-content\/uploads\/2024\/12\/palaestina-journal_22-titelbild.jpg\" thumbtype=\"\" ><\/div><script class=\"df-shortcode-script\" nowprocket type=\"application\/javascript\">window.option_df_13672 = {\"outline\":[],\"autoEnableOutline\":\"false\",\"autoEnableThumbnail\":\"false\",\"overwritePDFOutline\":\"false\",\"direction\":\"1\",\"pageSize\":\"0\",\"source\":\"http:\\\/\\\/dpg-netz-bremen.de\\\/wp-content\\\/uploads\\\/2024\\\/12\\\/palaestina-journal_22.pdf\",\"wpOptions\":\"true\"}; if(window.DFLIP && window.DFLIP.parseBooks){window.DFLIP.parseBooks();}<\/script><\/p>\n<p>Ausgabe 21 &#8211; Juni 2024 &#8211; Die Zerst\u00f6rung von Gaza<br \/>\n<div class=\"_df_book df-lite\" id=\"df_12712\"  _slug=\"palaestina-journal-21\" data-title=\"palaestina-journal-ausgabe-21-juni-2024\" wpoptions=\"true\" thumb=\"http:\/\/dpg-netz-bremen.de\/wp-content\/uploads\/2024\/06\/palaestina-journal_21-titelbild.pdf.jpg\" thumbtype=\"\" ><\/div><script class=\"df-shortcode-script\" nowprocket type=\"application\/javascript\">window.option_df_12712 = {\"outline\":[],\"autoEnableOutline\":\"false\",\"autoEnableThumbnail\":\"false\",\"overwritePDFOutline\":\"false\",\"direction\":\"1\",\"pageSize\":\"0\",\"source\":\"http:\\\/\\\/dpg-netz-bremen.de\\\/wp-content\\\/uploads\\\/2024\\\/06\\\/palaestina-journal_21.pdf\",\"wpOptions\":\"true\"}; if(window.DFLIP && window.DFLIP.parseBooks){window.DFLIP.parseBooks();}<\/script><\/p>\n<p>Ausgabe 20 &#8211; November 2023 &#8211; 75 Jahre Nakba<br \/>\n<code><div class=\"_df_book df-lite\" id=\"df_11929\"  _slug=\"11929\" data-title=\"palaestina-journal-ausgabe-20-november-2023\" wpoptions=\"true\" thumb=\"http:\/\/dpg-netz-bremen.de\/wp-content\/uploads\/2023\/11\/palaestina-journal_20.pdf\" thumbtype=\"\" ><\/div><script class=\"df-shortcode-script\" nowprocket type=\"application\/javascript\">window.option_df_11929 = {\"outline\":[],\"autoEnableOutline\":\"false\",\"autoEnableThumbnail\":\"false\",\"overwritePDFOutline\":\"false\",\"direction\":\"1\",\"pageSize\":\"0\",\"source\":\"http:\\\/\\\/dpg-netz-bremen.de\\\/wp-content\\\/uploads\\\/2023\\\/11\\\/palaestina-journal_20.pdf\",\"wpOptions\":\"true\"}; if(window.DFLIP && window.DFLIP.parseBooks){window.DFLIP.parseBooks();}<\/script><\/code><code><\/code><\/p>\n<p>Ausgabe 19 &#8211; M\u00e4rz 2023 &#8211; 75 Jahre Nakba<br \/>\n<code><div class=\"_df_book df-lite\" id=\"df_11597\"  _slug=\"palaestina-journal-ausgabe-19-maerz-2023\" data-title=\"palaestina-journal-ausgabe-19-maerz-2023\" wpoptions=\"true\" thumbtype=\"\" ><\/div><script class=\"df-shortcode-script\" nowprocket type=\"application\/javascript\">window.option_df_11597 = {\"outline\":[],\"autoEnableOutline\":\"false\",\"autoEnableThumbnail\":\"false\",\"overwritePDFOutline\":\"false\",\"direction\":\"1\",\"pageSize\":\"0\",\"source\":\"http:\\\/\\\/http:\\\/\\\/dpg-netzc-bremen.de\\\/wp-content\\\/uploads\\\/2023\\\/11\\\/palaestina-journal_20.pdf\\\/wp-content\\\/uploads\\\/2023\\\/03\\\/palaestina-journal_19.pdf\",\"wpOptions\":\"true\"}; if(window.DFLIP && window.DFLIP.parseBooks){window.DFLIP.parseBooks();}<\/script><\/code><code><\/code><\/p>\n<p>Ausgabe 18 &#8211; Juni 2022 &#8211; Apartheid<br \/>\n<code><div class=\"_df_book df-lite\" id=\"df_11287\"  _slug=\"palaestina-journal-ausgabe-18-juni-2022\" data-title=\"palaestina-journal-ausgabe-18-juni-2022\" wpoptions=\"true\" thumbtype=\"\" ><\/div><script class=\"df-shortcode-script\" nowprocket type=\"application\/javascript\">window.option_df_11287 = {\"outline\":[],\"autoEnableOutline\":\"false\",\"autoEnableThumbnail\":\"false\",\"overwritePDFOutline\":\"false\",\"direction\":\"1\",\"pageSize\":\"0\",\"source\":\"http:\\\/\\\/nahost-forum-bremen.de\\\/wp-content\\\/uploads\\\/2022\\\/06\\\/palaestina-journal_18.pdf\",\"wpOptions\":\"true\"}; if(window.DFLIP && window.DFLIP.parseBooks){window.DFLIP.parseBooks();}<\/script><\/code><\/p>\n<p>Ausgabe 17 &#8211; April 2021 &#8211; Wege der Frauen<br \/>\n<div class=\"_df_book df-lite\" id=\"df_11294\"  _slug=\"palaestina-journal-ausgabe-17\" data-title=\"palaestina-journal-ausgabe-17\" wpoptions=\"true\" thumbtype=\"\" ><\/div><script class=\"df-shortcode-script\" nowprocket type=\"application\/javascript\">window.option_df_11294 = {\"outline\":[],\"autoEnableOutline\":\"false\",\"autoEnableThumbnail\":\"false\",\"overwritePDFOutline\":\"false\",\"direction\":\"1\",\"pageSize\":\"0\",\"source\":\"http:\\\/\\\/nahost-forum-bremen.de\\\/wp-content\\\/uploads\\\/2022\\\/06\\\/palaestina-journal_17.pdf\",\"wpOptions\":\"true\"}; if(window.DFLIP && window.DFLIP.parseBooks){window.DFLIP.parseBooks();}<\/script><\/p>\n<p>Ausgabe 16 &#8211; September 2020 &#8211; Einverleibung<br \/>\n<div class=\"_df_book df-lite\" id=\"df_11297\"  _slug=\"palaestina-journal-ausgabe-16\" data-title=\"palaestina-journal-ausgabe-16\" wpoptions=\"true\" thumbtype=\"\" ><\/div><script class=\"df-shortcode-script\" nowprocket type=\"application\/javascript\">window.option_df_11297 = {\"outline\":[],\"autoEnableOutline\":\"false\",\"autoEnableThumbnail\":\"false\",\"overwritePDFOutline\":\"false\",\"direction\":\"1\",\"pageSize\":\"0\",\"source\":\"http:\\\/\\\/nahost-forum-bremen.de\\\/wp-content\\\/uploads\\\/2022\\\/06\\\/palaestina-journal_16.pdf\",\"wpOptions\":\"true\"}; if(window.DFLIP && window.DFLIP.parseBooks){window.DFLIP.parseBooks();}<\/script><\/p>\n<p>Ausgabe 15 &#8211; September 2019 &#8211; Gaza<br \/>\n<div class=\"_df_book df-lite\" id=\"df_11300\"  _slug=\"palaestina-journal-ausgabe-15\" data-title=\"palaestina-journal-ausgabe-15\" wpoptions=\"true\" thumbtype=\"\" ><\/div><script class=\"df-shortcode-script\" nowprocket type=\"application\/javascript\">window.option_df_11300 = {\"outline\":[],\"autoEnableOutline\":\"false\",\"autoEnableThumbnail\":\"false\",\"overwritePDFOutline\":\"false\",\"direction\":\"1\",\"pageSize\":\"0\",\"source\":\"http:\\\/\\\/nahost-forum-bremen.de\\\/wp-content\\\/uploads\\\/2022\\\/06\\\/palaestina-journal_15.pdf\",\"wpOptions\":\"true\"}; if(window.DFLIP && window.DFLIP.parseBooks){window.DFLIP.parseBooks();}<\/script><\/p>\n<p>Ausgabe 14 &#8211; Dezember 2018 &#8211; Verrat am V\u00f6lkerrecht<br \/>\n<div class=\"_df_book df-lite\" id=\"df_11303\"  _slug=\"palaestina-journal-ausgabe-14\" data-title=\"palaestina-journal-ausgabe-14\" wpoptions=\"true\" thumbtype=\"\" ><\/div><script class=\"df-shortcode-script\" nowprocket type=\"application\/javascript\">window.option_df_11303 = {\"outline\":[],\"autoEnableOutline\":\"false\",\"autoEnableThumbnail\":\"false\",\"overwritePDFOutline\":\"false\",\"direction\":\"1\",\"pageSize\":\"0\",\"source\":\"http:\\\/\\\/nahost-forum-bremen.de\\\/wp-content\\\/uploads\\\/2022\\\/06\\\/palaestina-journal_14.pdf\",\"wpOptions\":\"true\"}; if(window.DFLIP && window.DFLIP.parseBooks){window.DFLIP.parseBooks();}<\/script><\/p>\n<p>Ausgabe 13 &#8211; Dezember 2017 &#8211; Hebron<br \/>\n<div class=\"_df_book df-lite\" id=\"df_11306\"  _slug=\"palaestina-journal-ausgabe-13\" data-title=\"palaestina-journal-ausgabe-13\" wpoptions=\"true\" thumbtype=\"\" ><\/div><script class=\"df-shortcode-script\" nowprocket type=\"application\/javascript\">window.option_df_11306 = {\"outline\":[],\"autoEnableOutline\":\"false\",\"autoEnableThumbnail\":\"false\",\"overwritePDFOutline\":\"false\",\"direction\":\"1\",\"pageSize\":\"0\",\"source\":\"http:\\\/\\\/nahost-forum-bremen.de\\\/wp-content\\\/uploads\\\/2022\\\/06\\\/palaestina-journal_13.pdf\",\"wpOptions\":\"true\"}; if(window.DFLIP && window.DFLIP.parseBooks){window.DFLIP.parseBooks();}<\/script><\/p>\n","protected":false},"excerpt":{"rendered":"<p>Ausgabe24 &#8211; Dezember 2025 &#8211; V\u00f6lkermord Ausgabe23 &#8211; Juni 2025 &#8211; Israel zerst\u00f6rt und vertreibt, doch Pal\u00e4stina bleibt Ausgabe22 &#8211; Dezember 2024 &#8211; Geraubte Kindheit Ausgabe 21 &#8211; Juni 2024 &#8211; Die Zerst\u00f6rung von Gaza Ausgabe 20 &#8211; November 2023 &hellip; <a href=\"https:\/\/dpg-netz-bremen.de\/?page_id=11309\">Weiterlesen <span class=\"meta-nav\">&rarr;<\/span><\/a><\/p>\n","protected":false},"author":1,"featured_media":0,"parent":0,"menu_order":0,"comment_status":"closed","ping_status":"closed","template":"","meta":{"ngg_post_thumbnail":0,"footnotes":""},"class_list":["post-11309","page","type-page","status-publish","hentry"],"_links":{"self":[{"href":"https:\/\/dpg-netz-bremen.de\/index.php?rest_route=\/wp\/v2\/pages\/11309","targetHints":{"allow":["GET"]}}],"collection":[{"href":"https:\/\/dpg-netz-bremen.de\/index.php?rest_route=\/wp\/v2\/pages"}],"about":[{"href":"https:\/\/dpg-netz-bremen.de\/index.php?rest_route=\/wp\/v2\/types\/page"}],"author":[{"embeddable":true,"href":"https:\/\/dpg-netz-bremen.de\/index.php?rest_route=\/wp\/v2\/users\/1"}],"replies":[{"embeddable":true,"href":"https:\/\/dpg-netz-bremen.de\/index.php?rest_route=%2Fwp%2Fv2%2Fcomments&post=11309"}],"version-history":[{"count":13,"href":"https:\/\/dpg-netz-bremen.de\/index.php?rest_route=\/wp\/v2\/pages\/11309\/revisions"}],"predecessor-version":[{"id":15847,"href":"https:\/\/dpg-netz-bremen.de\/index.php?rest_route=\/wp\/v2\/pages\/11309\/revisions\/15847"}],"wp:attachment":[{"href":"https:\/\/dpg-netz-bremen.de\/index.php?rest_route=%2Fwp%2Fv2%2Fmedia&parent=11309"}],"curies":[{"name":"wp","href":"https:\/\/api.w.org\/{rel}","templated":true}]}}