{"id":35,"date":"2014-04-17T04:07:52","date_gmt":"2014-04-17T04:07:52","guid":{"rendered":"http:\/\/nahost-forum-bremen.de\/?page_id=35"},"modified":"2025-10-14T10:36:17","modified_gmt":"2025-10-14T10:36:17","slug":"wir-ueber-uns","status":"publish","type":"page","link":"https:\/\/dpg-netz-bremen.de\/?page_id=35","title":{"rendered":"Wir \u00fcber uns"},"content":{"rendered":"<h2><span style=\"color: #000000;\"><span style=\"font-size: small;\">35 Jahre Deutsch-Pal\u00e4stinensische Gesellschaft Bremen (DPG-Bremen)<\/span><\/span><\/h2>\n<ul>\n<li>Die DPG-Bremen wurde am 13.02.1989 als e.V. gegr\u00fcndet und ist als gemeinn\u00fctziger Verein anerkannt.<\/li>\n<li>Die DPG-Bremen ist gleichzeitig eine Regionalgruppe in der <a href=\"https:\/\/dpg-netz.de\/?option=com_frontpage&amp;Itemid=94\" target=\"_blank\" rel=\"noopener\">Deutsch-Pal\u00e4stinensischen Gesellschaft (DPG) auf Bundesebene<\/a>.<\/li>\n<li>Auf der letzten Jahreshauptversammlung am 15. Januar 2025 wurden in den Vorstand gew\u00e4hlt: Dr. Detlef Griesche (Vorsitzender), Samer Aslan und Johannes Waehneldt (stellv. Vorsitzende), Marlene Stichauer (Schatzmeisterin), Frauke W\u00f6ltjen (Schriftf\u00fchrerin), Marlies Hundt (Beisitzerin als Organisationsleiterin), Mounir El-Serri, Ivesa L\u00fcbben, Mahmood Abojeap, Tilman Neubronner (weitere Beisitzer\/Beisitzerinnen), Anne Griesche, Mehmet \u00dcnal (Revisor\/Revisorin)<\/li>\n<\/ul>\n<hr>\n<h1>35 Jahre Pal\u00e4stinensische Gesellschaft in Bremen<\/h1>\n<p><span style=\"color: #000000;\"><span style=\"font-size: small;\">Die Deutsch-Pal\u00e4stinensische Gesellschaft Bremen wurde vor jetzt 35 Jahren gegr\u00fcndet. Am <strong>2. M\u00e4rz 2024<\/strong> wurde in Bremen-Hemelingen an diesen Tag erinnert. (<a href=\"http:\/\/nahost-forum-bremen.de\/?p=12367\" target=\"_blank\" rel=\"noopener\">ein ausf\u00fchrlicher Bericht \u00fcber die Feier mit vielen Fotos und Video hier<\/a>) Nicht mit einer fr\u00f6hlichen Feier mit Musik und Tanz, wie sonst bei den pal\u00e4stinensisch-arabischen Festen, sonderrn eher in gedr\u00fcckten Stimmung.<\/span><\/span><\/p>\n<p><span style=\"color: #000000;\"><span style=\"font-size: small;\">Vor 35 Jahren war die Hoffnung auf einen gerechten Frieden im Nahen Osten noch sehr lebendig. Hans Koschnick, damaliger Bremer B\u00fcrgermeister, hatte seinerzeit die Gr\u00fcnder noch zu ihrem Vorhaben der Gr\u00fcndung der DPG ermutigt. Wobei er selber \u00fcbrigens Pr\u00e4sident der DIG, der Deutsch-Israelischen Gesellschaft war.<\/span><\/span><\/p>\n<p><span style=\"color: #000000;\"><span style=\"font-size: small;\">Die DPG wuchs und gedieh, entfaltete eine reichhaltige Aktivit\u00e4t und erfuhr eine breite Unterst\u00fctzung in Politik und Gesellschaft. Man suchte und fand auch bald den Kontakt zur Pal\u00e4stinensischen Vertretung in Bonn (damals gab es noch keine Botschaft) und zu Abdallah Frangi, dem Generaldelegierten und engem Vertrauten von Yassir Arafat. Frangi war danach oft in Bremen, war gern gesehener Gast bei den hiesigen Medien und wurde wie selbstverst\u00e4ndlich von den B\u00fcrgermeistern, nacheinander von Klaus Wedemeier, Henning Scherf, Gerd B\u00f6rnsen und Carsten Sieling zu Gespr\u00e4chen auf h\u00f6chster Bremer Ebene empfangen. Einen inhalts- und umfangreichen Bericht \u00fcber die 35-j\u00e4hrige Geschichte der DPG Bremen findet man hier: <a href=\"http:\/\/nahost-forum-bremen.de\/wp-content\/uploads\/2024\/03\/24-03-02-Geschichte-der-Deutsch.pdf\" target=\"_blank\" rel=\"noopener\">http:\/\/nahost-forum-bremen.de\/wp-content\/uploads\/2024\/03\/24-03-02-Geschichte-der-Deutsch.pdf<\/a><\/span><\/span><\/p>\n<p><span style=\"color: #000000;\"><span style=\"font-size: small;\">Die Zeiten haben sich gr\u00fcndlich ge\u00e4ndert. In der \u00d6ffentlichkeit wird es immer schwieriger, pro-pal\u00e4stinensiche Themen zur Sprache zu bringen. In der jetzigen israelischen Regierung sitzen Minister, die offen Ziele vertreten, die v\u00f6llig aus der Zeit gefallen scheinen und in einer liberalen \u00d6ffentlichkeit eigentlich nur noch blankes Entsetzen hervorrufen m\u00fcssten. Israel nennt sich die \u201eeinzige Demokratie im Nahen Osten\u201c und vertritt dabei eine Politik, die mit dem Reizwort Apartheid v\u00f6llig zutreffend benannt wird.<\/span><\/span><\/p>\n<p><span style=\"font-size: small; color: #000000;\">Die Deutsch-Pal\u00e4stinensische Gesellschaft versucht, damals wie heute mit vielen Aktionen die \u00d6ffentlichkeit aufzur\u00fctteln. In der Hoffnung, dass es einer hoffentlich gr\u00f6\u00dfer und einflussreicher werdenden Welt\u00f6ffentlichkeit gelingen m\u00f6ge, diese wahrhaft m\u00f6rderische Politik Israels zu stoppen. Wir w\u00fcnschen der DPG viel Erfolg.<\/span><\/p>\n<header class=\"entry-header\"><\/header>\n<div class=\"entry-content\">\n<div class=\"pf-content\">\n<p><iframe loading=\"lazy\" title=\"YouTube video player\" src=\"https:\/\/www.youtube.com\/embed\/9Z_nGg4zoRs?si=yucWwVVLfrIbJk4D\" width=\"400\" height=\"225\" frameborder=\"0\" allowfullscreen=\"allowfullscreen\" data-mce-fragment=\"1\"><\/iframe><\/p>\n<\/div>\n<\/div>\n<h2>Spenden<\/h2>\n<p>Friedens- und Solidarit\u00e4tsarbeit kosten Geld. Spenden zur Finanzierung von Veranstaltungen und konkreten Projekten in Pal\u00e4stina erbitten wir auf das Konto:<br \/>\nDeutsch-Pal\u00e4stinensische-Gesellschaft e.V.;&nbsp;<br \/>\nBremer Landesbank; DE45 290500001012554003; BRLADE22XXX ;&nbsp;&nbsp;<br \/>\nStichwort: \u201ePal\u00e4stina-Hilfe\u201c.<\/p>\n<p>Auf Grund der Anerkennung der Gemeinn\u00fctzigkeit unserer Organisation k\u00f6nnen wir jederzeit steuerlich absetzungsf\u00e4hige Spendenbescheinigungen ausstellen!<\/p>\n<p>Kontakt<br \/>\ne-mail: info@dpg-netz-bremen.de<\/p>\n","protected":false},"excerpt":{"rendered":"<p>35 Jahre Deutsch-Pal\u00e4stinensische Gesellschaft Bremen (DPG-Bremen) Die DPG-Bremen wurde am 13.02.1989 als e.V. gegr\u00fcndet und ist als gemeinn\u00fctziger Verein anerkannt. Die DPG-Bremen ist gleichzeitig eine Regionalgruppe in der Deutsch-Pal\u00e4stinensischen Gesellschaft (DPG) auf Bundesebene. Auf der letzten Jahreshauptversammlung am 15. Januar &hellip; <a href=\"https:\/\/dpg-netz-bremen.de\/?page_id=35\">Weiterlesen <span class=\"meta-nav\">&rarr;<\/span><\/a><\/p>\n","protected":false},"author":1,"featured_media":0,"parent":0,"menu_order":0,"comment_status":"closed","ping_status":"closed","template":"","meta":{"ngg_post_thumbnail":0,"footnotes":""},"class_list":["post-35","page","type-page","status-publish","hentry"],"_links":{"self":[{"href":"https:\/\/dpg-netz-bremen.de\/index.php?rest_route=\/wp\/v2\/pages\/35","targetHints":{"allow":["GET"]}}],"collection":[{"href":"https:\/\/dpg-netz-bremen.de\/index.php?rest_route=\/wp\/v2\/pages"}],"about":[{"href":"https:\/\/dpg-netz-bremen.de\/index.php?rest_route=\/wp\/v2\/types\/page"}],"author":[{"embeddable":true,"href":"https:\/\/dpg-netz-bremen.de\/index.php?rest_route=\/wp\/v2\/users\/1"}],"replies":[{"embeddable":true,"href":"https:\/\/dpg-netz-bremen.de\/index.php?rest_route=%2Fwp%2Fv2%2Fcomments&post=35"}],"version-history":[{"count":37,"href":"https:\/\/dpg-netz-bremen.de\/index.php?rest_route=\/wp\/v2\/pages\/35\/revisions"}],"predecessor-version":[{"id":15659,"href":"https:\/\/dpg-netz-bremen.de\/index.php?rest_route=\/wp\/v2\/pages\/35\/revisions\/15659"}],"wp:attachment":[{"href":"https:\/\/dpg-netz-bremen.de\/index.php?rest_route=%2Fwp%2Fv2%2Fmedia&parent=35"}],"curies":[{"name":"wp","href":"https:\/\/api.w.org\/{rel}","templated":true}]}}