{"id":8448,"date":"2018-06-26T07:47:30","date_gmt":"2018-06-26T07:47:30","guid":{"rendered":"http:\/\/nahost-forum-bremen.de\/?page_id=8448"},"modified":"2025-09-17T09:06:46","modified_gmt":"2025-09-17T09:06:46","slug":"datenschutzerklaerung","status":"publish","type":"page","link":"https:\/\/dpg-netz-bremen.de\/?page_id=8448","title":{"rendered":"Impressum"},"content":{"rendered":"<p><b>Impressum<\/b><\/p>\n<p>Die Website <a href=\"http:\/\/www.dpg-netz-bremen.de\">http:\/\/www.dpg-netz-bremen.de<\/a> (vorher http:\/\/www.nahost-forum-bremen.de) wird seit August 2024 von der <strong>Deutsch-Pal\u00e4stinensischen Gesellschaft Bremen e.V.<\/strong> betreut; in den Jahren vorher von den Gruppen Nahost-Forum-Bremen und AK-Nahost-Bremen. Um die Kontinuit\u00e4t zu wahren und alte Verlinkungen aufrecht zu erhalten, kann die Nahost-Seite unter diesen Web-Adressen aufgerufen werden:&nbsp;<\/p>\n<ul>\n<li><a href=\"http:\/\/www.dpg-netz-bremen.de\">http:\/\/www.dpg-netz-bremen.de<\/a> (Hauptadresse)<\/li>\n<li><a href=\"http:\/\/www.nahost-forum-bremen.de\" target=\"_blank\" rel=\"noopener\">http:\/\/www.nahost-forum-bremen.de<\/a>&nbsp;<\/li>\n<li>Redaktion: Detlef Griesche, S\u00f6nke Hundt<br \/>\n<a href=\"mailto:info@dpg-netz-bremen.de\">info@dpg-netz-bremen.de<\/a><br \/>\n<a class=\"western\" href=\"mailto:info@nahost-forum-bremen.de\">info@nahost-forum-bremen.de<\/a><\/li>\n<\/ul>\n<ul>\n<li>Angaben gem. \u00a7 5 TMG und \u00a7 55 Abs. 2 RStV:<br \/>\nVerantwortlich: S\u00f6nke Hundt<br \/>\nClaudiusstr. 6<br \/>\n28201 Bremen<br \/>\n<a class=\"western\" href=\"mailto:info@nahost-forum-bremen.de\">info@dpg-netz-bremen.de<\/a><br \/>\nWir sammeln keine personenbezogenen Daten; die Kommentarfunktion ist abgeschaltet.<\/li>\n<li>Beitr\u00e4ge auf dieser Website k\u00f6nnen eingebettete Inhalte beinhalten. (z.&nbsp;B. Videos, Bilder, Beitr\u00e4ge etc.). Eingebettete Inhalte von anderen Websites verhalten sich exakt so, als ob der Besucher die andere Website besucht h\u00e4tte. Standardm\u00e4\u00dfig teilt WordPress keinerlei personenbezogene Daten mit Dritten.<\/li>\n<\/ul>\n","protected":false},"excerpt":{"rendered":"<p>Impressum Die Website http:\/\/www.dpg-netz-bremen.de (vorher http:\/\/www.nahost-forum-bremen.de) wird seit August 2024 von der Deutsch-Pal\u00e4stinensischen Gesellschaft Bremen e.V. betreut; in den Jahren vorher von den Gruppen Nahost-Forum-Bremen und AK-Nahost-Bremen. Um die Kontinuit\u00e4t zu wahren und alte Verlinkungen aufrecht zu erhalten, kann die &hellip; <a href=\"https:\/\/dpg-netz-bremen.de\/?page_id=8448\">Weiterlesen <span class=\"meta-nav\">&rarr;<\/span><\/a><\/p>\n","protected":false},"author":1,"featured_media":0,"parent":0,"menu_order":0,"comment_status":"closed","ping_status":"closed","template":"","meta":{"ngg_post_thumbnail":0,"footnotes":""},"class_list":["post-8448","page","type-page","status-publish","hentry"],"_links":{"self":[{"href":"https:\/\/dpg-netz-bremen.de\/index.php?rest_route=\/wp\/v2\/pages\/8448","targetHints":{"allow":["GET"]}}],"collection":[{"href":"https:\/\/dpg-netz-bremen.de\/index.php?rest_route=\/wp\/v2\/pages"}],"about":[{"href":"https:\/\/dpg-netz-bremen.de\/index.php?rest_route=\/wp\/v2\/types\/page"}],"author":[{"embeddable":true,"href":"https:\/\/dpg-netz-bremen.de\/index.php?rest_route=\/wp\/v2\/users\/1"}],"replies":[{"embeddable":true,"href":"https:\/\/dpg-netz-bremen.de\/index.php?rest_route=%2Fwp%2Fv2%2Fcomments&post=8448"}],"version-history":[{"count":16,"href":"https:\/\/dpg-netz-bremen.de\/index.php?rest_route=\/wp\/v2\/pages\/8448\/revisions"}],"predecessor-version":[{"id":15210,"href":"https:\/\/dpg-netz-bremen.de\/index.php?rest_route=\/wp\/v2\/pages\/8448\/revisions\/15210"}],"wp:attachment":[{"href":"https:\/\/dpg-netz-bremen.de\/index.php?rest_route=%2Fwp%2Fv2%2Fmedia&parent=8448"}],"curies":[{"name":"wp","href":"https:\/\/api.w.org\/{rel}","templated":true}]}}